{"id":2881,"date":"2024-06-02T08:08:19","date_gmt":"2024-06-02T08:08:19","guid":{"rendered":"https:\/\/test.meriseuraturku.fi\/?page_id=2881"},"modified":"2025-03-04T16:27:32","modified_gmt":"2025-03-04T14:27:32","slug":"liittyminen","status":"publish","type":"page","link":"https:\/\/meriseuraturku.fi\/?page_id=2881","title":{"rendered":"Liittyminen ja maksut"},"content":{"rendered":"\n<p><strong>Voit tulostaa j\u00e4senhakemuksen&nbsp;<em><a href=\"https:\/\/meriseuraturku.fi\/wp-content\/uploads\/J%C3%A4senhakemus.pdf\" target=\"_blank\" rel=\"noreferrer noopener\">t\u00e4st\u00e4<\/a><\/em><a href=\"https:\/\/meriseuraturku.fi\/meriseuraturku\/wp-content\/uploads\/2014\/08\/J%C3%A4senhakemus.pdf\">&nbsp;<\/a>.<br>Liittymiseen tarvitaan kahden jo seurassa olevan suositus.<\/strong><\/p>\n\n\n\n<p>L\u00e4het\u00e4 t\u00e4ytetty j\u00e4senhakemus s\u00e4hk\u00f6postilla osoitteeseen meriseuraturkuhallitus@gmail.com tai<br>postitse: Meriseura Turku, Vanha Kakskerrantie 19, 20900 Turku. Otsikkokentt\u00e4\u00e4n tai kuoreen: j\u00e4senhakemus.<\/p>\n\n\n\n<p>Seuran s\u00e4\u00e4nt\u00f6ihin on hyv\u00e4 tutustua ennen j\u00e4senhakemuksen l\u00e4hett\u00e4mist\u00e4. <a href=\"https:\/\/meriseuraturku.fi\/wp-content\/uploads\/Saannot_2024-2.pdf\" data-type=\"attachment\" data-id=\"582\" target=\"_blank\" rel=\"noreferrer noopener\">S\u00e4\u00e4nn\u00f6t<\/a>.<\/p>\n\n\n\n<p><\/p>\n\n\n\n<p>Verkkolaskuosoite: FI4243092220113167<\/p>\n\n\n\n<p>Operaattoritunnus: ITELFIHH<\/p>\n\n\n\n<div style=\"height:30px\" aria-hidden=\"true\" class=\"wp-block-spacer\"><\/div>\n\n\n\n<figure class=\"wp-block-table\"><table class=\"has-border-color has-contrast-2-border-color\" style=\"border-width:1px\"><tbody><tr><td>Liittymismaksut<\/td><td>Vuosij\u00e4sen 700\u20ac<br>Tukij\u00e4sen 140\u20ac<\/td><\/tr><tr><td>J\u00e4senmaksu \/ vuosi<\/td><td>Vuosij\u00e4sen 80\u20ac<br>Tukij\u00e4sen 16\u20ac<br>Nuorisoj\u00e4sen 5\u20ac<\/td><\/tr><tr><td>Avaimet<\/td><td>J\u00e4senell\u00e4 on mahdollisuus lunastaa avain tai kauko-ohjain porttiin<br>Avain 10\u20ac<br>Kauko-ohjain 55\u20ac<\/td><\/tr><tr><td>Katsastusmaksut<\/td><td>J\u00e4senen veneen katsastus on 10\u20ac<br>Kes\u00e4kuun j\u00e4lkeen 40\u20ac<\/td><\/tr><tr><td>Telakointimaksut<\/td><td>Telakointimaksu perit\u00e4\u00e4n veneen neli\u00f6iden mukaan (pit. x lev.)<br>Ulkona 7,40\u20ac\/m2<br>Sis\u00e4ll\u00e4 16,30\/m2<br><br>Noston yhteydess\u00e4 on teht\u00e4v\u00e4 traktorikuskille ilmoitus maksuluokkien k\u00e4yt\u00f6st\u00e4<\/td><\/tr><\/tbody><\/table><\/figure>\n","protected":false},"excerpt":{"rendered":"<p>Voit tulostaa j\u00e4senhakemuksen&nbsp;t\u00e4st\u00e4&nbsp;.Liittymiseen tarvitaan kahden jo seurassa olevan suositus. L\u00e4het\u00e4 t\u00e4ytetty j\u00e4senhakemus s\u00e4hk\u00f6postilla osoitteeseen meriseuraturkuhallitus@gmail.com taipostitse: Meriseura Turku, Vanha Kakskerrantie 19, 20900 Turku. Otsikkokentt\u00e4\u00e4n tai kuoreen: j\u00e4senhakemus. Seuran s\u00e4\u00e4nt\u00f6ihin on hyv\u00e4 tutustua ennen j\u00e4senhakemuksen l\u00e4hett\u00e4mist\u00e4. S\u00e4\u00e4nn\u00f6t. Verkkolaskuosoite: FI4243092220113167 Operaattoritunnus: ITELFIHH Liittymismaksut Vuosij\u00e4sen 700\u20acTukij\u00e4sen 140\u20ac J\u00e4senmaksu \/ vuosi Vuosij\u00e4sen 80\u20acTukij\u00e4sen 16\u20acNuorisoj\u00e4sen 5\u20ac Avaimet J\u00e4senell\u00e4 on mahdollisuus [&hellip;]<\/p>\n","protected":false},"author":14,"featured_media":0,"parent":0,"menu_order":0,"comment_status":"closed","ping_status":"closed","template":"","meta":{"footnotes":""},"class_list":["post-2881","page","type-page","status-publish","hentry"],"_links":{"self":[{"href":"https:\/\/meriseuraturku.fi\/index.php?rest_route=\/wp\/v2\/pages\/2881","targetHints":{"allow":["GET"]}}],"collection":[{"href":"https:\/\/meriseuraturku.fi\/index.php?rest_route=\/wp\/v2\/pages"}],"about":[{"href":"https:\/\/meriseuraturku.fi\/index.php?rest_route=\/wp\/v2\/types\/page"}],"author":[{"embeddable":true,"href":"https:\/\/meriseuraturku.fi\/index.php?rest_route=\/wp\/v2\/users\/14"}],"replies":[{"embeddable":true,"href":"https:\/\/meriseuraturku.fi\/index.php?rest_route=%2Fwp%2Fv2%2Fcomments&post=2881"}],"version-history":[{"count":8,"href":"https:\/\/meriseuraturku.fi\/index.php?rest_route=\/wp\/v2\/pages\/2881\/revisions"}],"predecessor-version":[{"id":3406,"href":"https:\/\/meriseuraturku.fi\/index.php?rest_route=\/wp\/v2\/pages\/2881\/revisions\/3406"}],"wp:attachment":[{"href":"https:\/\/meriseuraturku.fi\/index.php?rest_route=%2Fwp%2Fv2%2Fmedia&parent=2881"}],"curies":[{"name":"wp","href":"https:\/\/api.w.org\/{rel}","templated":true}]}}