{"id":2677,"date":"2024-04-18T16:32:07","date_gmt":"2024-04-18T16:32:07","guid":{"rendered":"https:\/\/test.meriseuraturku.fi\/?page_id=2677"},"modified":"2025-02-03T15:40:51","modified_gmt":"2025-02-03T15:40:51","slug":"tiedotteet-3","status":"publish","type":"page","link":"https:\/\/meriseuraturku.fi\/?page_id=2677","title":{"rendered":"Tiedotteet"},"content":{"rendered":"\n<div class=\"wp-block-query is-layout-flow wp-block-query-is-layout-flow\"><ul class=\"wp-block-post-template has-background has-base-2-background-color is-layout-flow wp-container-core-post-template-is-layout-a66a7b4d wp-block-post-template-is-layout-flow\"><li class=\"wp-block-post post-4001 post type-post status-publish format-standard hentry category-jasentiedotteet category-virkistys\">\n\n<div class=\"wp-block-group is-layout-flow wp-block-group-is-layout-flow\" style=\"padding-top:30px;padding-right:30px;padding-bottom:30px;padding-left:30px\"><h2 class=\"wp-block-post-title\"><a href=\"https:\/\/meriseuraturku.fi\/?p=4001\" target=\"_self\" >Gran\u00f6n talkoot 16.5.2026<\/a><\/h2>\n\n<div class=\"wp-block-post-excerpt\"><p class=\"wp-block-post-excerpt__excerpt\">Veneilykautta varten on taas aika laittaa seuran saarikohteet yhdess\u00e4 talkoilla kuntoon. Ensimm\u00e4isen\u00e4 on vuorossa Gran\u00f6. Seura tarjoaa talkoolaisille ruuaksi perunoita ja lihapullakastiketta. Ilmoita viestill\u00e4 saari-is\u00e4nt\u00e4 Petelle, kuinka monta teit\u00e4 on tulossa talkoisiin, viimeist\u00e4\u00e4n lauantaina 9.5.2026. Peten puhelinnumero on 0400 763370. N\u00e4in autat ruuan hankinnan suunnittelua. Tervetuloa talkoisiin! <\/p><\/div>\n\n<div class=\"wp-block-post-date\"><time datetime=\"2026-05-06T19:38:03+03:00\">6.5.2026<\/time><\/div><\/div>\n\n<\/li><li class=\"wp-block-post post-3967 post type-post status-publish format-standard hentry category-jasentiedotteet category-telakka category-yleiset-asiat\">\n\n<div class=\"wp-block-group is-layout-flow wp-block-group-is-layout-flow\" style=\"padding-top:30px;padding-right:30px;padding-bottom:30px;padding-left:30px\"><h2 class=\"wp-block-post-title\"><a href=\"https:\/\/meriseuraturku.fi\/?p=3967\" target=\"_self\" >Uusi ohje kaasutarkastukseen liittyen<\/a><\/h2>\n\n<div class=\"wp-block-post-excerpt\"><p class=\"wp-block-post-excerpt__excerpt\">Valmistautuminen tarkastukseen Varmista esteet\u00f6n p\u00e4\u00e4sy kaasupullolle. Irroita letku s\u00e4\u00e4timest\u00e4. Jos on pr\u00e4ss\u00e4tty letkuliitos, niin avaa letkukara, jossa v\u00e4\u00e4r\u00e4nk\u00e4tinen kierre. Maksu Maksu 20 \u20ac suoritetaan suoraan katsastajalle, jos olet paikalla tarkastuksen aikana. Jos et ole paikalla, j\u00e4t\u00e4 raha kaasupullon viereen. Ajanvaraus Traktorihallin p\u00f6yd\u00e4lt\u00e4 l\u00f6ytyv\u00e4\u00e4n ajanvarauslistaan merkint\u00e4 tai soitto Antti Lehtoselle suoraan. Puhelinnumero l\u00f6ytyy j\u00e4senlehdest\u00e4 ja nettisivuilta. <\/p><\/div>\n\n<div class=\"wp-block-post-date\"><time datetime=\"2026-04-11T13:03:26+03:00\">11.4.2026<\/time><\/div><\/div>\n\n<\/li><li class=\"wp-block-post post-3964 post type-post status-publish format-standard hentry category-jasentiedotteet category-telakka category-yleiset-asiat\">\n\n<div class=\"wp-block-group is-layout-flow wp-block-group-is-layout-flow\" style=\"padding-top:30px;padding-right:30px;padding-bottom:30px;padding-left:30px\"><h2 class=\"wp-block-post-title\"><a href=\"https:\/\/meriseuraturku.fi\/?p=3964\" target=\"_self\" >Kaasutarkastukset 2026<\/a><\/h2>\n\n<div class=\"wp-block-post-excerpt\"><p class=\"wp-block-post-excerpt__excerpt\">Kaasutarkastaja Antti Lehtonen tulee tekem\u00e4\u00e4n tarkastukset telakalle ensi viikolla tiistaina, torstaina ja lauantaina. Traktorihallin p\u00f6yd\u00e4ll\u00e4 on lomake, johon voit merkit\u00e4 omat ja veneesi tiedot sek\u00e4 mille p\u00e4iv\u00e4lle haluat tarkastuksen. Tarkastus ei vaadi sinulta paikallaoloa. Veneen paikkanumeron l\u00f6yd\u00e4t p\u00f6yd\u00e4ll\u00e4 olevasta paikkakartasta. Varmistathan, ett\u00e4 tarkastaja p\u00e4\u00e4see helposti ja turvallisesti tekem\u00e4\u00e4n tarkastuksen! Kaasutarkastusmaksu 20 \u20ac veloitetaan syksyll\u00e4 veneen&hellip; <\/p><\/div>\n\n<div class=\"wp-block-post-date\"><time datetime=\"2026-04-11T11:51:21+03:00\">11.4.2026<\/time><\/div><\/div>\n\n<\/li><li class=\"wp-block-post post-3960 post type-post status-publish format-standard hentry category-jasentiedotteet category-johtokuntatiedotteet category-yleiset-asiat\">\n\n<div class=\"wp-block-group is-layout-flow wp-block-group-is-layout-flow\" style=\"padding-top:30px;padding-right:30px;padding-bottom:30px;padding-left:30px\"><h2 class=\"wp-block-post-title\"><a href=\"https:\/\/meriseuraturku.fi\/?p=3960\" target=\"_self\" >J\u00e4senmaksu 2026<\/a><\/h2>\n\n<div class=\"wp-block-post-excerpt\"><p class=\"wp-block-post-excerpt__excerpt\">J\u00e4senmaksulaskun er\u00e4p\u00e4iv\u00e4 meni jo. Onko sinulta unohtunut maksaa lasku? Huomioithan, ett\u00e4 venett\u00e4 ei lasketa telakalta veteen, jos j\u00e4senmaksu on maksamatta. Kannattaa siis hoitaa maksu ajoissa, jotta se n\u00e4kyy traktorikuskille seuran j\u00e4rjestelm\u00e4ss\u00e4. N\u00e4in hommat sujuvat jouhevasti ja p\u00e4\u00e4set aloittamaan veneilykauden suunnitelmiesi mukaisesti ilman viivett\u00e4! &nbsp; <\/p><\/div>\n\n<div class=\"wp-block-post-date\"><time datetime=\"2026-04-08T23:11:15+03:00\">8.4.2026<\/time><\/div><\/div>\n\n<\/li><li class=\"wp-block-post post-3954 post type-post status-publish format-standard hentry category-jasentiedotteet category-telakka\">\n\n<div class=\"wp-block-group is-layout-flow wp-block-group-is-layout-flow\" style=\"padding-top:30px;padding-right:30px;padding-bottom:30px;padding-left:30px\"><h2 class=\"wp-block-post-title\"><a href=\"https:\/\/meriseuraturku.fi\/?p=3954\" target=\"_self\" >Tarkastuksien ajankohdat 2026<\/a><\/h2>\n\n<div class=\"wp-block-post-excerpt\"><p class=\"wp-block-post-excerpt__excerpt\">Sammuttimien tarkastukset tehd\u00e4\u00e4n viikon 15 viikonlopun ja viikon 16 aikana. Toimita siis sammuttimesi telakan traktorihalliin viimeist\u00e4\u00e4n 10.4.26. Varmista, ett\u00e4 pullossa on oma ja veneesi nimi. Kiinnit\u00e4 tarkastusmaksuraha 5 \u20ac pullon kylkeen. Runko- ja kaasutarkastukset tehd\u00e4\u00e4n viikolla 16. Katsastajien yhteystiedot l\u00f6ytyv\u00e4t j\u00e4senlehdest\u00e4 ja seuran nettisivuilta. Kaasutarkastukset tekee Antti Lehtonen. &nbsp; <\/p><\/div>\n\n<div class=\"wp-block-post-date\"><time datetime=\"2026-04-02T19:03:19+03:00\">2.4.2026<\/time><\/div><\/div>\n\n<\/li><li class=\"wp-block-post post-3952 post type-post status-publish format-standard hentry category-jasentiedotteet category-telakka category-virkistys\">\n\n<div class=\"wp-block-group is-layout-flow wp-block-group-is-layout-flow\" style=\"padding-top:30px;padding-right:30px;padding-bottom:30px;padding-left:30px\"><h2 class=\"wp-block-post-title\"><a href=\"https:\/\/meriseuraturku.fi\/?p=3952\" target=\"_self\" >Telakkakahvilan asiakkaille arvonta<\/a><\/h2>\n\n<div class=\"wp-block-post-excerpt\"><p class=\"wp-block-post-excerpt__excerpt\">Nyt kannattaa tulla viikonloppuisin ja p\u00e4\u00e4si\u00e4isen pyhin\u00e4 nauttimaan telakkakahvilan maukkaista antimista, vaikka joka p\u00e4iv\u00e4. Asiakkaana saat arpalipun ja osallistut Viikinkiravintola Haraldin 30 \u20ac lahjakortin arvontaan. Ohessa my\u00f6s tiedoksi kahvilan hinnasto. Maksuv\u00e4lineen\u00e4 k\u00e4y pankkikortti. <\/p><\/div>\n\n<div class=\"wp-block-post-date\"><time datetime=\"2026-03-24T18:32:08+02:00\">24.3.2026<\/time><\/div><\/div>\n\n<\/li><\/ul>\n\n<div style=\"margin-right:var(--wp--preset--spacing--20);margin-left:var(--wp--preset--spacing--20);margin-top:var(--wp--preset--spacing--20);margin-bottom:var(--wp--preset--spacing--20);\" class=\"wp-block-archives-dropdown wp-block-archives has-large-font-size\"><label for=\"wp-block-archives-1\" class=\"wp-block-archives__label\">Arkistot<\/label>\n\t\t<select id=\"wp-block-archives-1\" name=\"archive-dropdown\">\n\t\t<option value=\"\">Valitse vuosi<\/option>\t<option value='https:\/\/meriseuraturku.fi\/?m=2026'> 2026 &nbsp;(7)<\/option>\n\t<option value='https:\/\/meriseuraturku.fi\/?m=2025'> 2025 &nbsp;(17)<\/option>\n<\/select><script>\n( ( [ dropdownId, homeUrl ] ) => {\n\t\tconst dropdown = document.getElementById( dropdownId );\n\t\tfunction onSelectChange() {\n\t\t\tsetTimeout( () => {\n\t\t\t\tif ( 'escape' === dropdown.dataset.lastkey ) {\n\t\t\t\t\treturn;\n\t\t\t\t}\n\t\t\t\tif ( dropdown.value ) {\n\t\t\t\t\tlocation.href = dropdown.value;\n\t\t\t\t}\n\t\t\t}, 250 );\n\t\t}\n\t\tfunction onKeyUp( event ) {\n\t\t\tif ( 'Escape' === event.key ) {\n\t\t\t\tdropdown.dataset.lastkey = 'escape';\n\t\t\t} else {\n\t\t\t\tdelete dropdown.dataset.lastkey;\n\t\t\t}\n\t\t}\n\t\tfunction onClick() {\n\t\t\tdelete dropdown.dataset.lastkey;\n\t\t}\n\t\tdropdown.addEventListener( 'keyup', onKeyUp );\n\t\tdropdown.addEventListener( 'click', onClick );\n\t\tdropdown.addEventListener( 'change', onSelectChange );\n\t} )( [\"wp-block-archives-1\",\"https:\/\/meriseuraturku.fi\"] );\n\/\/# sourceURL=block_core_archives_build_dropdown_script\n<\/script>\n<\/div><\/div>\n","protected":false},"excerpt":{"rendered":"","protected":false},"author":14,"featured_media":0,"parent":0,"menu_order":0,"comment_status":"closed","ping_status":"closed","template":"","meta":{"footnotes":""},"class_list":["post-2677","page","type-page","status-publish","hentry"],"_links":{"self":[{"href":"https:\/\/meriseuraturku.fi\/index.php?rest_route=\/wp\/v2\/pages\/2677","targetHints":{"allow":["GET"]}}],"collection":[{"href":"https:\/\/meriseuraturku.fi\/index.php?rest_route=\/wp\/v2\/pages"}],"about":[{"href":"https:\/\/meriseuraturku.fi\/index.php?rest_route=\/wp\/v2\/types\/page"}],"author":[{"embeddable":true,"href":"https:\/\/meriseuraturku.fi\/index.php?rest_route=\/wp\/v2\/users\/14"}],"replies":[{"embeddable":true,"href":"https:\/\/meriseuraturku.fi\/index.php?rest_route=%2Fwp%2Fv2%2Fcomments&post=2677"}],"version-history":[{"count":7,"href":"https:\/\/meriseuraturku.fi\/index.php?rest_route=\/wp\/v2\/pages\/2677\/revisions"}],"predecessor-version":[{"id":3093,"href":"https:\/\/meriseuraturku.fi\/index.php?rest_route=\/wp\/v2\/pages\/2677\/revisions\/3093"}],"wp:attachment":[{"href":"https:\/\/meriseuraturku.fi\/index.php?rest_route=%2Fwp%2Fv2%2Fmedia&parent=2677"}],"curies":[{"name":"wp","href":"https:\/\/api.w.org\/{rel}","templated":true}]}}