{"id":2576,"date":"2024-03-30T16:27:57","date_gmt":"2024-03-30T16:27:57","guid":{"rendered":"https:\/\/test.meriseuraturku.fi\/?page_id=2576"},"modified":"2024-06-09T08:00:16","modified_gmt":"2024-06-09T08:00:16","slug":"historiikki","status":"publish","type":"page","link":"https:\/\/meriseuraturku.fi\/?page_id=2576","title":{"rendered":"Historiikki"},"content":{"rendered":"\n<h2 class=\"wp-block-heading\">Meriseura Turku<\/h2>\n\n\n\n<p>Meriseura Turku ry. on perustettu vuonna&nbsp;1963 Turun moottoriseuran veneilyjaostosta.<\/p>\n\n\n\n<p class=\"has-text-align-left\">Toiminta alkoi todenteolla, kun seura sai&nbsp;vuokrattua telakka-alueen 1966 Turun Hirvensalosta.&nbsp;Ensimm\u00e4isest\u00e4 telakasta jouduttiin luopumaan&nbsp;tilanpuutteen takia, mutta&nbsp;vuokrasimme uuden telakka-alueen vuonna 1986 nykyisen Hirvensalon sillan pielest\u00e4.<\/p>\n\n\n\n<p class=\"has-text-align-left\">Vuonna 1970 vuokrattiin ensimm\u00e4inen saaritukikohta&nbsp;Velkuan Katavakarilta, josta kuitenkin luovuttiin,&nbsp;kun Riitluodosta saatiin parempi 1973.&nbsp;Riitluodosta luovuttiin vasta viimeisimm\u00e4n&nbsp;saarioston yhteydess\u00e4.<\/p>\n\n\n\n<p>Ensimm\u00e4inen oma saaripaikka&nbsp;ostettiin&nbsp;Korppoon p\u00e4\u00e4saaren etel\u00e4puolelta Gran\u00f6st\u00e4 1981.&nbsp;Sen j\u00e4lkeen seurasivat Merivalkama Nauvosta 1990&nbsp;ja Korkiakari Velkualta 1999.&nbsp;Korkiakari sai saaren lohkomisen yhteydess\u00e4&nbsp; uuden nimen. Se on nyt MERIKARI.<\/p>\n","protected":false},"excerpt":{"rendered":"<p>Meriseura Turku Meriseura Turku ry. on perustettu vuonna&nbsp;1963 Turun moottoriseuran veneilyjaostosta. Toiminta alkoi todenteolla, kun seura sai&nbsp;vuokrattua telakka-alueen 1966 Turun Hirvensalosta.&nbsp;Ensimm\u00e4isest\u00e4 telakasta jouduttiin luopumaan&nbsp;tilanpuutteen takia, mutta&nbsp;vuokrasimme uuden telakka-alueen vuonna 1986 nykyisen Hirvensalon sillan pielest\u00e4. Vuonna 1970 vuokrattiin ensimm\u00e4inen saaritukikohta&nbsp;Velkuan Katavakarilta, josta kuitenkin luovuttiin,&nbsp;kun Riitluodosta saatiin parempi 1973.&nbsp;Riitluodosta luovuttiin vasta viimeisimm\u00e4n&nbsp;saarioston yhteydess\u00e4. Ensimm\u00e4inen oma saaripaikka&nbsp;ostettiin&nbsp;Korppoon p\u00e4\u00e4saaren [&hellip;]<\/p>\n","protected":false},"author":14,"featured_media":0,"parent":0,"menu_order":0,"comment_status":"closed","ping_status":"closed","template":"","meta":{"footnotes":""},"class_list":["post-2576","page","type-page","status-publish","hentry"],"_links":{"self":[{"href":"https:\/\/meriseuraturku.fi\/index.php?rest_route=\/wp\/v2\/pages\/2576","targetHints":{"allow":["GET"]}}],"collection":[{"href":"https:\/\/meriseuraturku.fi\/index.php?rest_route=\/wp\/v2\/pages"}],"about":[{"href":"https:\/\/meriseuraturku.fi\/index.php?rest_route=\/wp\/v2\/types\/page"}],"author":[{"embeddable":true,"href":"https:\/\/meriseuraturku.fi\/index.php?rest_route=\/wp\/v2\/users\/14"}],"replies":[{"embeddable":true,"href":"https:\/\/meriseuraturku.fi\/index.php?rest_route=%2Fwp%2Fv2%2Fcomments&post=2576"}],"version-history":[{"count":2,"href":"https:\/\/meriseuraturku.fi\/index.php?rest_route=\/wp\/v2\/pages\/2576\/revisions"}],"predecessor-version":[{"id":2921,"href":"https:\/\/meriseuraturku.fi\/index.php?rest_route=\/wp\/v2\/pages\/2576\/revisions\/2921"}],"wp:attachment":[{"href":"https:\/\/meriseuraturku.fi\/index.php?rest_route=%2Fwp%2Fv2%2Fmedia&parent=2576"}],"curies":[{"name":"wp","href":"https:\/\/api.w.org\/{rel}","templated":true}]}}