{"id":2532,"date":"2024-03-30T08:53:28","date_gmt":"2024-03-30T08:53:28","guid":{"rendered":"https:\/\/test.meriseuraturku.fi\/?page_id=2532"},"modified":"2026-05-07T22:34:10","modified_gmt":"2026-05-07T19:34:10","slug":"tapahtumat","status":"publish","type":"page","link":"https:\/\/meriseuraturku.fi\/?page_id=2532","title":{"rendered":"Tapahtumat"},"content":{"rendered":"\n<div style=\"height:50px\" aria-hidden=\"true\" class=\"wp-block-spacer\"><\/div>\n\n\n\n<div class=\"wp-block-columns alignwide is-layout-flex wp-container-core-columns-is-layout-28f84493 wp-block-columns-is-layout-flex\">\n<div class=\"wp-block-column is-vertically-aligned-top is-layout-flow wp-block-column-is-layout-flow\" style=\"flex-basis:50%\">\n<h5 class=\"wp-block-heading\">Tapahtumat<\/h5>\n\n\n\n<figure class=\"wp-block-image alignleft size-large is-resized\"><img loading=\"lazy\" decoding=\"async\" width=\"825\" height=\"1024\" src=\"https:\/\/meriseuraturku.fi\/wp-content\/uploads\/Screenshot_20260507_222419_Instagram-825x1024.jpg\" alt=\"\" class=\"wp-image-4005\" style=\"width:555px;height:auto\" srcset=\"https:\/\/meriseuraturku.fi\/wp-content\/uploads\/Screenshot_20260507_222419_Instagram-825x1024.jpg 825w, https:\/\/meriseuraturku.fi\/wp-content\/uploads\/Screenshot_20260507_222419_Instagram-242x300.jpg 242w, https:\/\/meriseuraturku.fi\/wp-content\/uploads\/Screenshot_20260507_222419_Instagram-121x150.jpg 121w, https:\/\/meriseuraturku.fi\/wp-content\/uploads\/Screenshot_20260507_222419_Instagram-768x953.jpg 768w, https:\/\/meriseuraturku.fi\/wp-content\/uploads\/Screenshot_20260507_222419_Instagram.jpg 868w\" sizes=\"auto, (max-width: 825px) 100vw, 825px\" \/><\/figure>\n<\/div>\n\n\n\n<div class=\"wp-block-column is-layout-flow wp-block-column-is-layout-flow\" style=\"flex-basis:50%\">\n<h5 class=\"wp-block-heading\">Virkistys<\/h5>\n\n\n\n<p>Virkistystoiminnalle on valittu vet\u00e4j\u00e4, jonka&nbsp;teht\u00e4v\u00e4n\u00e4 on organisoida toimintaa. Kaikki halukkaat ovat tervetulleita mukaan t\u00e4h\u00e4n vapaamuotoiseen toimintaan.<\/p>\n\n\n\n<p>Kev\u00e4tviikonloppuisin, veneiden kunnostusaikaan, vapaaehtoiset pit\u00e4v\u00e4t telakkakahvilaa telakan toimistossa. Kahvilavuorot jaetaan kaikkien halukkaiden kesken. Kahvilassa on tarjolla mm. maukkaita voileipi\u00e4 ja pullia. <\/p>\n\n\n\n<p>Kes\u00e4ll\u00e4 virkistyksen v\u00e4ki jalkautuu saaritukikohtiimme huolehtien kev\u00e4t- ja syystalkoiden sek\u00e4 juhannusjuhlien ruokailuista. <\/p>\n\n\n\n<p>Virkistyksen v\u00e4ki j\u00e4rjest\u00e4\u00e4 my\u00f6s seuran j\u00e4senille joulujuhlat.<\/p>\n\n\n\n<p>Kultturiakaan ei unohdeta. Talvella ja kes\u00e4ll\u00e4 voidaan k\u00e4yd\u00e4 nauttimassa yhdess\u00e4 teatteriesityksist\u00e4.<\/p>\n\n\n\n<div style=\"height:50px\" aria-hidden=\"true\" class=\"wp-block-spacer\"><\/div>\n\n\n\n\n<ul style=\"padding-right:var(--wp--preset--spacing--10);padding-left:var(--wp--preset--spacing--10);\" class=\"wp-block-latest-posts__list has-dates has-author wp-block-latest-posts has-background has-base-2-background-color\"><li><a class=\"wp-block-latest-posts__post-title\" href=\"https:\/\/meriseuraturku.fi\/?p=4001\">Gran\u00f6n talkoot 16.5.2026<\/a><div class=\"wp-block-latest-posts__post-author\">kirjoittanut MST Viestint\u00e4 vastaava<\/div><time datetime=\"2026-05-06T19:38:03+03:00\" class=\"wp-block-latest-posts__post-date\">6.5.2026<\/time><div class=\"wp-block-latest-posts__post-excerpt\">Veneilykautta varten on taas aika laittaa seuran saarikohteet yhdess\u00e4 talkoilla kuntoon. Ensimm\u00e4isen\u00e4 on vuorossa Gran\u00f6. Seura tarjoaa talkoolaisille ruuaksi perunoita ja lihapullakastiketta. Ilmoita viestill\u00e4 saari-is\u00e4nt\u00e4 Petelle, kuinka monta teit\u00e4 on\u2026 <a class=\"wp-block-latest-posts__read-more\" href=\"https:\/\/meriseuraturku.fi\/?p=4001\" rel=\"noopener noreferrer\">Lue lis\u00e4\u00e4<span class=\"screen-reader-text\">: Gran\u00f6n talkoot 16.5.2026<\/span><\/a><\/div><\/li>\n<li><a class=\"wp-block-latest-posts__post-title\" href=\"https:\/\/meriseuraturku.fi\/?p=3952\">Telakkakahvilan asiakkaille arvonta<\/a><div class=\"wp-block-latest-posts__post-author\">kirjoittanut MST Viestint\u00e4 vastaava<\/div><time datetime=\"2026-03-24T18:32:08+02:00\" class=\"wp-block-latest-posts__post-date\">24.3.2026<\/time><div class=\"wp-block-latest-posts__post-excerpt\">Nyt kannattaa tulla viikonloppuisin ja p\u00e4\u00e4si\u00e4isen pyhin\u00e4 nauttimaan telakkakahvilan maukkaista antimista, vaikka joka p\u00e4iv\u00e4. Asiakkaana saat arpalipun ja osallistut Viikinkiravintola Haraldin 30 \u20ac lahjakortin arvontaan. Ohessa my\u00f6s tiedoksi kahvilan hinnasto.\u2026 <a class=\"wp-block-latest-posts__read-more\" href=\"https:\/\/meriseuraturku.fi\/?p=3952\" rel=\"noopener noreferrer\">Lue lis\u00e4\u00e4<span class=\"screen-reader-text\">: Telakkakahvilan asiakkaille arvonta<\/span><\/a><\/div><\/li>\n<li><a class=\"wp-block-latest-posts__post-title\" href=\"https:\/\/meriseuraturku.fi\/?p=3946\">Telakkakahvila on avoinna 28.3.-26.4.2026<\/a><div class=\"wp-block-latest-posts__post-author\">kirjoittanut MST Viestint\u00e4 vastaava<\/div><time datetime=\"2026-03-22T19:33:16+02:00\" class=\"wp-block-latest-posts__post-date\">22.3.2026<\/time><div class=\"wp-block-latest-posts__post-excerpt\">Kev\u00e4iset ilmat houkuttelevat jo innokkaimmat telakalle venehommiin ja toiset fiilistelem\u00e4\u00e4n tunnelmaa! Telakkakahvila palvelee teit\u00e4 kaikkia ensi lauantaista eli 28.3.2026 alkaen viikonloppuisin ja p\u00e4\u00e4si\u00e4isen pyhin\u00e4 ainakin huhtikuun lopulle asti. Tervetuloa nauttimaan\u2026 <a class=\"wp-block-latest-posts__read-more\" href=\"https:\/\/meriseuraturku.fi\/?p=3946\" rel=\"noopener noreferrer\">Lue lis\u00e4\u00e4<span class=\"screen-reader-text\">: Telakkakahvila on avoinna 28.3.-26.4.2026<\/span><\/a><\/div><\/li>\n<li><a class=\"wp-block-latest-posts__post-title\" href=\"https:\/\/meriseuraturku.fi\/?p=3906\">Pokka pit\u00e4\u00e4 -n\u00e4ytelm\u00e4 20.3.2026<\/a><div class=\"wp-block-latest-posts__post-author\">kirjoittanut MST Viestint\u00e4 vastaava<\/div><time datetime=\"2025-12-03T16:38:26+02:00\" class=\"wp-block-latest-posts__post-date\">3.12.2025<\/time><div class=\"wp-block-latest-posts__post-excerpt\">Olemme varanneet teatterilippuja Linnateatterin Pokka pit\u00e4\u00e4 -esitykseen pe 20.3.2026 klo 18.30 n\u00e4yt\u00f6kseen. Lippujen hinnat ovat 45\u20ac\/kpl. Ilmoittautuminen ja maksu viimeist\u00e4\u00e4n 2.1.2026. Ilmoittautua voi joko 0405244984 \/ Janna tai jiijanna@gmail.com, laitan\u2026 <a class=\"wp-block-latest-posts__read-more\" href=\"https:\/\/meriseuraturku.fi\/?p=3906\" rel=\"noopener noreferrer\">Lue lis\u00e4\u00e4<span class=\"screen-reader-text\">: Pokka pit\u00e4\u00e4 -n\u00e4ytelm\u00e4 20.3.2026<\/span><\/a><\/div><\/li>\n<li><a class=\"wp-block-latest-posts__post-title\" href=\"https:\/\/meriseuraturku.fi\/?p=3860\">Joulujuhlat 2025<\/a><div class=\"wp-block-latest-posts__post-author\">kirjoittanut Toni Lepp\u00e4<\/div><time datetime=\"2025-10-12T11:24:00+03:00\" class=\"wp-block-latest-posts__post-date\">12.10.2025<\/time><div class=\"wp-block-latest-posts__post-excerpt\">Joulujuhlan esite &nbsp;<\/div><\/li>\n<\/ul><\/div>\n<\/div>\n\n\n\n<p><\/p>\n\n\n\n<div style=\"height:50px\" aria-hidden=\"true\" class=\"wp-block-spacer\"><\/div>\n\n\n\n<p><\/p>\n","protected":false},"excerpt":{"rendered":"<p>Tapahtumat Virkistys Virkistystoiminnalle on valittu vet\u00e4j\u00e4, jonka&nbsp;teht\u00e4v\u00e4n\u00e4 on organisoida toimintaa. Kaikki halukkaat ovat tervetulleita mukaan t\u00e4h\u00e4n vapaamuotoiseen toimintaan. Kev\u00e4tviikonloppuisin, veneiden kunnostusaikaan, vapaaehtoiset pit\u00e4v\u00e4t telakkakahvilaa telakan toimistossa. Kahvilavuorot jaetaan kaikkien halukkaiden kesken. Kahvilassa on tarjolla mm. maukkaita voileipi\u00e4 ja pullia. Kes\u00e4ll\u00e4 virkistyksen v\u00e4ki jalkautuu saaritukikohtiimme huolehtien kev\u00e4t- ja syystalkoiden sek\u00e4 juhannusjuhlien ruokailuista. Virkistyksen v\u00e4ki j\u00e4rjest\u00e4\u00e4 my\u00f6s [&hellip;]<\/p>\n","protected":false},"author":14,"featured_media":0,"parent":0,"menu_order":0,"comment_status":"closed","ping_status":"closed","template":"page-no-title","meta":{"footnotes":""},"class_list":["post-2532","page","type-page","status-publish","hentry"],"_links":{"self":[{"href":"https:\/\/meriseuraturku.fi\/index.php?rest_route=\/wp\/v2\/pages\/2532","targetHints":{"allow":["GET"]}}],"collection":[{"href":"https:\/\/meriseuraturku.fi\/index.php?rest_route=\/wp\/v2\/pages"}],"about":[{"href":"https:\/\/meriseuraturku.fi\/index.php?rest_route=\/wp\/v2\/types\/page"}],"author":[{"embeddable":true,"href":"https:\/\/meriseuraturku.fi\/index.php?rest_route=\/wp\/v2\/users\/14"}],"replies":[{"embeddable":true,"href":"https:\/\/meriseuraturku.fi\/index.php?rest_route=%2Fwp%2Fv2%2Fcomments&post=2532"}],"version-history":[{"count":27,"href":"https:\/\/meriseuraturku.fi\/index.php?rest_route=\/wp\/v2\/pages\/2532\/revisions"}],"predecessor-version":[{"id":4006,"href":"https:\/\/meriseuraturku.fi\/index.php?rest_route=\/wp\/v2\/pages\/2532\/revisions\/4006"}],"wp:attachment":[{"href":"https:\/\/meriseuraturku.fi\/index.php?rest_route=%2Fwp%2Fv2%2Fmedia&parent=2532"}],"curies":[{"name":"wp","href":"https:\/\/api.w.org\/{rel}","templated":true}]}}