{"id":2517,"date":"2024-03-26T17:56:01","date_gmt":"2024-03-26T17:56:01","guid":{"rendered":"https:\/\/test.meriseuraturku.fi\/?page_id=2517"},"modified":"2025-02-11T16:18:50","modified_gmt":"2025-02-11T16:18:50","slug":"pennas","status":"publish","type":"page","link":"https:\/\/meriseuraturku.fi\/?page_id=2517","title":{"rendered":"Penn\u00e4s"},"content":{"rendered":"\n<p>Saari-is\u00e4nt\u00e4 Jussi Vanne, puh. 050 3532842<br>Pohjois Korppoo<br>N 60\u00b016,70\u00b4 E 21\u00b033,50\u00b4<br>Tervetuloa Meriseura Turku ry:n ja TUL:n j\u00e4senet!<\/p>\n\n\n\n<p>Mukava, luonnonmukaisena pysynyt kerhosaari. Laiturit ovat hyv\u00e4t ja sauna antaa makoisat l\u00f6ylyt. T\u00e4\u00e4ll\u00e4 viihtyv\u00e4t ainakin ne, jotka arvostavat luonnon monimuotoisuutta. Haluavat vapaa-aikanaankin puuhastella jotain pient\u00e4. K\u00e4vellen saareen is\u00e4nn\u00e4n tekemi\u00e4 polkuja ja samalla ker\u00e4ill\u00e4 sieni\u00e4 ja kalastella saaren rannoilta. Illalla voi istua laituripenkeill\u00e4 nuotion loimussa ja katsella auringonlaskua. Y\u00f6ll\u00e4 on mahdollista tutkia t\u00e4htitaivasta, kun ei ole ymp\u00e4rist\u00f6valoja pilaamassa taivaan n\u00e4kymi\u00e4. Todella hermoja lepuuttava saari.<\/p>\n\n\n\n<div style=\"height:50px\" aria-hidden=\"true\" class=\"wp-block-spacer\"><\/div>\n\n\n\n<h5 class=\"wp-block-heading\">Penn\u00e4siin saapuminen<\/h5>\n\n\n\n<div class=\"wp-block-columns has-border-color has-contrast-3-border-color is-layout-flex wp-container-core-columns-is-layout-28f84493 wp-block-columns-is-layout-flex\" style=\"border-style:dashed;border-width:1px\">\n<div class=\"wp-block-column is-layout-flow wp-block-column-is-layout-flow\" style=\"flex-basis:50%\">\n<figure class=\"wp-block-image size-full\"><img loading=\"lazy\" decoding=\"async\" width=\"539\" height=\"416\" src=\"https:\/\/test.meriseuraturku.fi\/wp-content\/uploads\/Pennas_Det-copy.jpg\" alt=\"\" class=\"wp-image-591\" srcset=\"https:\/\/meriseuraturku.fi\/wp-content\/uploads\/Pennas_Det-copy.jpg 539w, https:\/\/meriseuraturku.fi\/wp-content\/uploads\/Pennas_Det-copy-150x115.jpg 150w, https:\/\/meriseuraturku.fi\/wp-content\/uploads\/Pennas_Det-copy-300x231.jpg 300w\" sizes=\"auto, (max-width: 539px) 100vw, 539px\" \/><\/figure>\n<\/div>\n\n\n\n<div class=\"wp-block-column is-layout-flow wp-block-column-is-layout-flow\" style=\"flex-basis:50%\">\n<p class=\"has-small-font-size\">\u00a9Merenkulkulaitos 2000 <br>Julkaisulupa N:o 34\/721\/2000<br>Karttaa ei saa k\u00e4ytt\u00e4\u00e4 navigointiin.<br><\/p>\n<\/div>\n<\/div>\n\n\n\n<div style=\"height:41px\" aria-hidden=\"true\" class=\"wp-block-spacer\"><\/div>\n\n\n\n<h5 class=\"wp-block-heading\">Tiedotteet<\/h5>\n\n\n<ul class=\"wp-block-latest-posts__list has-dates has-author wp-block-latest-posts\"><\/ul>","protected":false},"excerpt":{"rendered":"<p>Saari-is\u00e4nt\u00e4 Jussi Vanne, puh. 050 3532842Pohjois KorppooN 60\u00b016,70\u00b4 E 21\u00b033,50\u00b4Tervetuloa Meriseura Turku ry:n ja TUL:n j\u00e4senet! Mukava, luonnonmukaisena pysynyt kerhosaari. Laiturit ovat hyv\u00e4t ja sauna antaa makoisat l\u00f6ylyt. T\u00e4\u00e4ll\u00e4 viihtyv\u00e4t ainakin ne, jotka arvostavat luonnon monimuotoisuutta. Haluavat vapaa-aikanaankin puuhastella jotain pient\u00e4. K\u00e4vellen saareen is\u00e4nn\u00e4n tekemi\u00e4 polkuja ja samalla ker\u00e4ill\u00e4 sieni\u00e4 ja kalastella saaren rannoilta. Illalla [&hellip;]<\/p>\n","protected":false},"author":14,"featured_media":2515,"parent":0,"menu_order":0,"comment_status":"closed","ping_status":"closed","template":"page-wide","meta":{"footnotes":""},"class_list":["post-2517","page","type-page","status-publish","has-post-thumbnail","hentry"],"_links":{"self":[{"href":"https:\/\/meriseuraturku.fi\/index.php?rest_route=\/wp\/v2\/pages\/2517","targetHints":{"allow":["GET"]}}],"collection":[{"href":"https:\/\/meriseuraturku.fi\/index.php?rest_route=\/wp\/v2\/pages"}],"about":[{"href":"https:\/\/meriseuraturku.fi\/index.php?rest_route=\/wp\/v2\/types\/page"}],"author":[{"embeddable":true,"href":"https:\/\/meriseuraturku.fi\/index.php?rest_route=\/wp\/v2\/users\/14"}],"replies":[{"embeddable":true,"href":"https:\/\/meriseuraturku.fi\/index.php?rest_route=%2Fwp%2Fv2%2Fcomments&post=2517"}],"version-history":[{"count":4,"href":"https:\/\/meriseuraturku.fi\/index.php?rest_route=\/wp\/v2\/pages\/2517\/revisions"}],"predecessor-version":[{"id":3231,"href":"https:\/\/meriseuraturku.fi\/index.php?rest_route=\/wp\/v2\/pages\/2517\/revisions\/3231"}],"wp:featuredmedia":[{"embeddable":true,"href":"https:\/\/meriseuraturku.fi\/index.php?rest_route=\/wp\/v2\/media\/2515"}],"wp:attachment":[{"href":"https:\/\/meriseuraturku.fi\/index.php?rest_route=%2Fwp%2Fv2%2Fmedia&parent=2517"}],"curies":[{"name":"wp","href":"https:\/\/api.w.org\/{rel}","templated":true}]}}