{"id":2511,"date":"2024-03-26T17:33:56","date_gmt":"2024-03-26T17:33:56","guid":{"rendered":"https:\/\/test.meriseuraturku.fi\/?page_id=2511"},"modified":"2025-02-11T16:16:20","modified_gmt":"2025-02-11T16:16:20","slug":"merivalkama","status":"publish","type":"page","link":"https:\/\/meriseuraturku.fi\/?page_id=2511","title":{"rendered":"Merivalkama"},"content":{"rendered":"\n<p>Saari-is\u00e4nt\u00e4 Lasse Anttila, puh. 050 5632012<br>Etel\u00e4 Pikku Nauvo<br>N 60\u00b009,79\u00b4 E 22\u00b010,81\u00b4<br>Meriseuran oma alue on 2,8 ha, hankittu vuonna 1991<br>Tervetuloa Meriseura Turku ry:n ja TUL:n j\u00e4senet!<\/p>\n\n\n\n<div style=\"height:50px\" aria-hidden=\"true\" class=\"wp-block-spacer\"><\/div>\n\n\n\n<h5 class=\"wp-block-heading\">Merivalkamaan saapuminen<\/h5>\n\n\n\n<div class=\"wp-block-columns has-border-color has-contrast-3-border-color is-layout-flex wp-container-core-columns-is-layout-28f84493 wp-block-columns-is-layout-flex\" style=\"border-style:dashed;border-width:1px\">\n<div class=\"wp-block-column is-layout-flow wp-block-column-is-layout-flow\" style=\"flex-basis:50%\">\n<figure class=\"wp-block-image size-full is-resized\"><img loading=\"lazy\" decoding=\"async\" width=\"432\" height=\"271\" src=\"https:\/\/test.meriseuraturku.fi\/wp-content\/uploads\/Merivalkama_Det-copy.jpg\" alt=\"\" class=\"wp-image-589\" style=\"width:392px;height:auto\" srcset=\"https:\/\/meriseuraturku.fi\/wp-content\/uploads\/Merivalkama_Det-copy.jpg 432w, https:\/\/meriseuraturku.fi\/wp-content\/uploads\/Merivalkama_Det-copy-150x94.jpg 150w, https:\/\/meriseuraturku.fi\/wp-content\/uploads\/Merivalkama_Det-copy-300x188.jpg 300w\" sizes=\"auto, (max-width: 432px) 100vw, 432px\" \/><\/figure>\n<\/div>\n\n\n\n<div class=\"wp-block-column is-layout-flow wp-block-column-is-layout-flow\" style=\"flex-basis:50%\">\n<p class=\"has-small-font-size\">\u00a9Merenkulkulaitos 2000 <br>Julkaisulupa N:o 34\/721\/2000<br>Karttaa ei saa k\u00e4ytt\u00e4\u00e4 navigointiin<\/p>\n<\/div>\n<\/div>\n\n\n\n<div style=\"height:41px\" aria-hidden=\"true\" class=\"wp-block-spacer\"><\/div>\n\n\n\n<h5 class=\"wp-block-heading\">Tiedotteet<\/h5>\n\n\n<ul class=\"wp-block-latest-posts__list has-dates has-author wp-block-latest-posts\"><\/ul>","protected":false},"excerpt":{"rendered":"<p>Saari-is\u00e4nt\u00e4 Lasse Anttila, puh. 050 5632012Etel\u00e4 Pikku NauvoN 60\u00b009,79\u00b4 E 22\u00b010,81\u00b4Meriseuran oma alue on 2,8 ha, hankittu vuonna 1991Tervetuloa Meriseura Turku ry:n ja TUL:n j\u00e4senet! Merivalkamaan saapuminen \u00a9Merenkulkulaitos 2000 Julkaisulupa N:o 34\/721\/2000Karttaa ei saa k\u00e4ytt\u00e4\u00e4 navigointiin Tiedotteet<\/p>\n","protected":false},"author":14,"featured_media":2936,"parent":0,"menu_order":0,"comment_status":"closed","ping_status":"closed","template":"page-wide","meta":{"footnotes":""},"class_list":["post-2511","page","type-page","status-publish","has-post-thumbnail","hentry"],"_links":{"self":[{"href":"https:\/\/meriseuraturku.fi\/index.php?rest_route=\/wp\/v2\/pages\/2511","targetHints":{"allow":["GET"]}}],"collection":[{"href":"https:\/\/meriseuraturku.fi\/index.php?rest_route=\/wp\/v2\/pages"}],"about":[{"href":"https:\/\/meriseuraturku.fi\/index.php?rest_route=\/wp\/v2\/types\/page"}],"author":[{"embeddable":true,"href":"https:\/\/meriseuraturku.fi\/index.php?rest_route=\/wp\/v2\/users\/14"}],"replies":[{"embeddable":true,"href":"https:\/\/meriseuraturku.fi\/index.php?rest_route=%2Fwp%2Fv2%2Fcomments&post=2511"}],"version-history":[{"count":10,"href":"https:\/\/meriseuraturku.fi\/index.php?rest_route=\/wp\/v2\/pages\/2511\/revisions"}],"predecessor-version":[{"id":3229,"href":"https:\/\/meriseuraturku.fi\/index.php?rest_route=\/wp\/v2\/pages\/2511\/revisions\/3229"}],"wp:featuredmedia":[{"embeddable":true,"href":"https:\/\/meriseuraturku.fi\/index.php?rest_route=\/wp\/v2\/media\/2936"}],"wp:attachment":[{"href":"https:\/\/meriseuraturku.fi\/index.php?rest_route=%2Fwp%2Fv2%2Fmedia&parent=2511"}],"curies":[{"name":"wp","href":"https:\/\/api.w.org\/{rel}","templated":true}]}}