{"id":2496,"date":"2024-03-25T17:54:27","date_gmt":"2024-03-25T17:54:27","guid":{"rendered":"https:\/\/test.meriseuraturku.fi\/?page_id=2496"},"modified":"2025-02-15T09:04:04","modified_gmt":"2025-02-15T09:04:04","slug":"grano","status":"publish","type":"page","link":"https:\/\/meriseuraturku.fi\/?page_id=2496","title":{"rendered":"Gran\u00f6"},"content":{"rendered":"\n<p>Etel\u00e4 Korppoo<br>N 60<sup>o&nbsp;<\/sup>06,09\u00b4 E 21<sup>o<\/sup>37,04\u00b4<br>Saari-is\u00e4nt\u00e4: Petri Aho, puh. 0400 763370<br>Meriseuran oma alue on 2,5 ha, hankittu vuonna 1981<br>Tervetuloa Meriseura Turku ry:n ja TUL:n j\u00e4senet!<\/p>\n\n\n\n<div style=\"height:50px\" aria-hidden=\"true\" class=\"wp-block-spacer\"><\/div>\n\n\n\n<h5 class=\"wp-block-heading\">Gran\u00f6\u00f6n saapuminen<\/h5>\n\n\n\n<div class=\"wp-block-columns has-border-color has-contrast-3-border-color is-layout-flex wp-container-core-columns-is-layout-a363837c wp-block-columns-is-layout-flex\" style=\"border-style:dashed;border-width:1px;margin-top:var(--wp--preset--spacing--10);margin-bottom:var(--wp--preset--spacing--10)\">\n<div class=\"wp-block-column is-layout-flow wp-block-column-is-layout-flow\" style=\"flex-basis:50%\">\n<figure class=\"wp-block-image size-full is-resized\"><img loading=\"lazy\" decoding=\"async\" width=\"542\" height=\"357\" src=\"https:\/\/test.meriseuraturku.fi\/wp-content\/uploads\/Grano_Det-copy1.jpg\" alt=\"\" class=\"wp-image-585\" style=\"width:382px;height:auto\" srcset=\"https:\/\/meriseuraturku.fi\/wp-content\/uploads\/Grano_Det-copy1.jpg 542w, https:\/\/meriseuraturku.fi\/wp-content\/uploads\/Grano_Det-copy1-150x98.jpg 150w, https:\/\/meriseuraturku.fi\/wp-content\/uploads\/Grano_Det-copy1-300x197.jpg 300w\" sizes=\"auto, (max-width: 542px) 100vw, 542px\" \/><\/figure>\n<\/div>\n\n\n\n<div class=\"wp-block-column is-layout-flow wp-container-core-column-is-layout-b108c007 wp-block-column-is-layout-flow\" style=\"border-style:none;border-width:0px;padding-right:0;padding-left:0;flex-basis:50%\">\n<p class=\"has-small-font-size\" style=\"margin-top:0;margin-bottom:0\">\u00a9Merenkulkulaitos 2000 <br>Julkaisulupa N:o 34\/721\/2000<br>Karttaa ei saa k\u00e4ytt\u00e4\u00e4 navigointiin.<\/p>\n<\/div>\n<\/div>\n\n\n\n<div style=\"height:40px\" aria-hidden=\"true\" class=\"wp-block-spacer\"><\/div>\n\n\n\n<h5 class=\"wp-block-heading\">Tiedotteet<\/h5>\n\n\n<ul style=\"padding-right:var(--wp--preset--spacing--10);padding-left:var(--wp--preset--spacing--10);\" class=\"wp-block-latest-posts__list has-dates has-author wp-block-latest-posts has-background has-base-2-background-color\"><\/ul>","protected":false},"excerpt":{"rendered":"<p>Etel\u00e4 KorppooN 60o&nbsp;06,09\u00b4 E 21o37,04\u00b4Saari-is\u00e4nt\u00e4: Petri Aho, puh. 0400 763370Meriseuran oma alue on 2,5 ha, hankittu vuonna 1981Tervetuloa Meriseura Turku ry:n ja TUL:n j\u00e4senet! Gran\u00f6\u00f6n saapuminen \u00a9Merenkulkulaitos 2000 Julkaisulupa N:o 34\/721\/2000Karttaa ei saa k\u00e4ytt\u00e4\u00e4 navigointiin. Tiedotteet<\/p>\n","protected":false},"author":14,"featured_media":2954,"parent":0,"menu_order":0,"comment_status":"closed","ping_status":"closed","template":"page-wide","meta":{"footnotes":""},"class_list":["post-2496","page","type-page","status-publish","has-post-thumbnail","hentry"],"_links":{"self":[{"href":"https:\/\/meriseuraturku.fi\/index.php?rest_route=\/wp\/v2\/pages\/2496","targetHints":{"allow":["GET"]}}],"collection":[{"href":"https:\/\/meriseuraturku.fi\/index.php?rest_route=\/wp\/v2\/pages"}],"about":[{"href":"https:\/\/meriseuraturku.fi\/index.php?rest_route=\/wp\/v2\/types\/page"}],"author":[{"embeddable":true,"href":"https:\/\/meriseuraturku.fi\/index.php?rest_route=\/wp\/v2\/users\/14"}],"replies":[{"embeddable":true,"href":"https:\/\/meriseuraturku.fi\/index.php?rest_route=%2Fwp%2Fv2%2Fcomments&post=2496"}],"version-history":[{"count":11,"href":"https:\/\/meriseuraturku.fi\/index.php?rest_route=\/wp\/v2\/pages\/2496\/revisions"}],"predecessor-version":[{"id":3186,"href":"https:\/\/meriseuraturku.fi\/index.php?rest_route=\/wp\/v2\/pages\/2496\/revisions\/3186"}],"wp:featuredmedia":[{"embeddable":true,"href":"https:\/\/meriseuraturku.fi\/index.php?rest_route=\/wp\/v2\/media\/2954"}],"wp:attachment":[{"href":"https:\/\/meriseuraturku.fi\/index.php?rest_route=%2Fwp%2Fv2%2Fmedia&parent=2496"}],"curies":[{"name":"wp","href":"https:\/\/api.w.org\/{rel}","templated":true}]}}