{"id":2478,"date":"2024-03-24T07:56:33","date_gmt":"2024-03-24T07:56:33","guid":{"rendered":"https:\/\/test.meriseuraturku.fi\/?page_id=2478"},"modified":"2025-02-21T15:42:19","modified_gmt":"2025-02-21T13:42:19","slug":"merikari","status":"publish","type":"page","link":"https:\/\/meriseuraturku.fi\/?page_id=2478","title":{"rendered":"Merikari"},"content":{"rendered":"\n<p>Saari-is\u00e4nt\u00e4 Toni Kaunisto, puh. O4O 588494O<br>Etel\u00e4 Velkua<br>N 60\u00b023,32\u00b4 E 21\u00b041,23\u00b4<br>Meriseuran oma alue on 2,8 ha, hankittu vuonna 1999.<\/p>\n\n\n\n<ul class=\"wp-block-list\">\n<li>Saaren rantaan on laitettu kaksi poijua. Poijujen v\u00e4liss\u00e4 ankkurointi on kielletty.<\/li>\n\n\n\n<li>Poijujen v\u00e4liin on rantaan asennettu ns. Mooring-k\u00f6ydet.<\/li>\n\n\n\n<li>Aja keula rantaan ota k\u00f6ysi ja kiinnit\u00e4 se veneeseesi. Rannassa olevaa p\u00e4\u00e4t\u00e4 ei saa miss\u00e4\u00e4n tilanteessa irrottaa.<\/li>\n\n\n\n<li>Generaattorin k\u00e4ydess\u00e4 voit pumpata vedet saunan astioihin ja vapaasti latailla akkujasi. Generaattoria k\u00e4ytet\u00e4\u00e4n tarpeen mukaan, mutta tarkoitus on, ett\u00e4 se on k\u00e4yt\u00f6ss\u00e4 noin 1-2 tuntia p\u00e4iv\u00e4ss\u00e4.<\/li>\n\n\n\n<li>Generaattori on aina sammutettava y\u00f6ksi ellei seuralla ole tarpeita sen pit\u00e4miseen k\u00e4ynniss\u00e4.<\/li>\n\n\n\n<li>Telakalla on t\u00e4ysi\u00e4 polttoainekanistereita viet\u00e4v\u00e4ksi saareen. Menness\u00e4si saareen voit napata pari kannua mukaasi. Jos polttoaine on kuitenkin v\u00e4hiss\u00e4, ilmoita siit\u00e4 saaren is\u00e4nn\u00e4lle.<\/li>\n\n\n\n<li>Tervetuloa Meriseura Turku ry:n ja TUL:n j\u00e4senet!<\/li>\n<\/ul>\n\n\n\n<div style=\"height:50px\" aria-hidden=\"true\" class=\"wp-block-spacer\"><\/div>\n\n\n\n<h5 class=\"wp-block-heading\">Merikarille saapuminen<\/h5>\n\n\n\n<div class=\"wp-block-columns has-border-color has-contrast-3-border-color is-layout-flex wp-container-core-columns-is-layout-eac9e6a1 wp-block-columns-is-layout-flex\" style=\"border-style:dashed;border-width:1px;margin-top:var(--wp--preset--spacing--10);margin-bottom:var(--wp--preset--spacing--10);padding-top:0;padding-right:0;padding-bottom:0;padding-left:0\">\n<div class=\"wp-block-column is-layout-flow wp-block-column-is-layout-flow\" style=\"flex-basis:50%\">\n<figure class=\"wp-block-image size-medium is-resized\"><img loading=\"lazy\" decoding=\"async\" width=\"300\" height=\"166\" src=\"https:\/\/test.meriseuraturku.fi\/wp-content\/uploads\/Merikari_Det-copy-300x166.jpg\" alt=\"\" class=\"wp-image-587\" style=\"width:390px;height:auto\" srcset=\"https:\/\/meriseuraturku.fi\/wp-content\/uploads\/Merikari_Det-copy-300x166.jpg 300w, https:\/\/meriseuraturku.fi\/wp-content\/uploads\/Merikari_Det-copy-150x83.jpg 150w, https:\/\/meriseuraturku.fi\/wp-content\/uploads\/Merikari_Det-copy-820x450.jpg 820w, https:\/\/meriseuraturku.fi\/wp-content\/uploads\/Merikari_Det-copy.jpg 838w\" sizes=\"auto, (max-width: 300px) 100vw, 300px\" \/><\/figure>\n<\/div>\n\n\n\n<div class=\"wp-block-column is-layout-flow wp-block-column-is-layout-flow\" style=\"flex-basis:40%\">\n<p class=\"has-small-font-size\" style=\"padding-right:0;padding-left:0\">\u00a9Merenkulkulaitos 2000 <br>Julkaisulupa N:o 34\/721\/2000<br>Karttaa ei saa k\u00e4ytt\u00e4\u00e4 navigointiin.<\/p>\n<\/div>\n<\/div>\n\n\n\n<div style=\"height:41px\" aria-hidden=\"true\" class=\"wp-block-spacer\"><\/div>\n\n\n\n<h5 class=\"wp-block-heading\">Merikarin kalastusalue<\/h5>\n\n\n\n<figure class=\"wp-block-image size-large\"><img decoding=\"async\" src=\"https:\/\/meriseuraturku.fi\/wp-content\/uploads\/Kalastusalue-Merikarilla.jpg\" alt=\"\"\/><\/figure>\n\n\n\n<h5 class=\"wp-block-heading\">Tiedotteet<\/h5>\n\n\n<ul class=\"wp-block-latest-posts__list has-dates has-author wp-block-latest-posts\"><\/ul>","protected":false},"excerpt":{"rendered":"<p>Saari-is\u00e4nt\u00e4 Toni Kaunisto, puh. O4O 588494OEtel\u00e4 VelkuaN 60\u00b023,32\u00b4 E 21\u00b041,23\u00b4Meriseuran oma alue on 2,8 ha, hankittu vuonna 1999. Merikarille saapuminen \u00a9Merenkulkulaitos 2000 Julkaisulupa N:o 34\/721\/2000Karttaa ei saa k\u00e4ytt\u00e4\u00e4 navigointiin. Merikarin kalastusalue Tiedotteet<\/p>\n","protected":false},"author":14,"featured_media":2923,"parent":0,"menu_order":0,"comment_status":"closed","ping_status":"closed","template":"page-wide","meta":{"footnotes":""},"class_list":["post-2478","page","type-page","status-publish","has-post-thumbnail","hentry"],"_links":{"self":[{"href":"https:\/\/meriseuraturku.fi\/index.php?rest_route=\/wp\/v2\/pages\/2478","targetHints":{"allow":["GET"]}}],"collection":[{"href":"https:\/\/meriseuraturku.fi\/index.php?rest_route=\/wp\/v2\/pages"}],"about":[{"href":"https:\/\/meriseuraturku.fi\/index.php?rest_route=\/wp\/v2\/types\/page"}],"author":[{"embeddable":true,"href":"https:\/\/meriseuraturku.fi\/index.php?rest_route=\/wp\/v2\/users\/14"}],"replies":[{"embeddable":true,"href":"https:\/\/meriseuraturku.fi\/index.php?rest_route=%2Fwp%2Fv2%2Fcomments&post=2478"}],"version-history":[{"count":17,"href":"https:\/\/meriseuraturku.fi\/index.php?rest_route=\/wp\/v2\/pages\/2478\/revisions"}],"predecessor-version":[{"id":3337,"href":"https:\/\/meriseuraturku.fi\/index.php?rest_route=\/wp\/v2\/pages\/2478\/revisions\/3337"}],"wp:featuredmedia":[{"embeddable":true,"href":"https:\/\/meriseuraturku.fi\/index.php?rest_route=\/wp\/v2\/media\/2923"}],"wp:attachment":[{"href":"https:\/\/meriseuraturku.fi\/index.php?rest_route=%2Fwp%2Fv2%2Fmedia&parent=2478"}],"curies":[{"name":"wp","href":"https:\/\/api.w.org\/{rel}","templated":true}]}}