{"id":1416,"date":"2024-03-24T07:58:27","date_gmt":"2024-03-24T07:58:27","guid":{"rendered":"http:\/\/meriseuraturku.fi\/?page_id=1416"},"modified":"2025-04-30T18:46:08","modified_gmt":"2025-04-30T15:46:08","slug":"purjehdus","status":"publish","type":"page","link":"https:\/\/meriseuraturku.fi\/?page_id=1416","title":{"rendered":"Purjehdus"},"content":{"rendered":"\n<div class=\"wp-block-columns has-base-2-background-color has-background is-layout-flex wp-container-core-columns-is-layout-8d88fe0f wp-block-columns-is-layout-flex\" style=\"padding-top:var(--wp--preset--spacing--20);padding-bottom:var(--wp--preset--spacing--20)\">\n<div class=\"wp-block-column is-layout-flow wp-block-column-is-layout-flow\">\n<h5 class=\"wp-block-heading has-medium-font-size\"><a href=\"#purjehdusjaosto\">Purjehdusjaosto<\/a><\/h5>\n<\/div>\n\n\n\n<div class=\"wp-block-column is-layout-flow wp-block-column-is-layout-flow\">\n<h5 class=\"wp-block-heading has-medium-font-size\"><a href=\"#purjehduskisat\">Purjehduskisat<\/a><\/h5>\n<\/div>\n\n\n\n<div class=\"wp-block-column is-layout-flow wp-block-column-is-layout-flow\">\n<h5 class=\"wp-block-heading has-medium-font-size\"><a href=\"#purjehdustiedotteet\">Tiedotteet<\/a><\/h5>\n<\/div>\n<\/div>\n\n\n\n<div class=\"wp-block-group has-global-padding is-layout-constrained wp-block-group-is-layout-constrained\">\n<div style=\"height:100px\" aria-hidden=\"true\" class=\"wp-block-spacer\"><\/div>\n\n\n\n<h5 class=\"wp-block-heading\" id=\"purjehdusjaosto\" style=\"font-size:clamp(14.642px, 0.915rem + ((1vw - 3.2px) * 0.681), 22px);\">Purjehdusjaosto<\/h5>\n\n\n\n<p>Timo Lepp\u00e4 vet\u00e4\u00e4 purjehdusjaostoa. <\/p>\n\n\n\n<div class=\"wp-block-group has-global-padding is-layout-constrained wp-block-group-is-layout-constrained\">\n<div class=\"wp-block-group has-global-padding is-layout-constrained wp-block-group-is-layout-constrained\">\n<p class=\"has-medium-font-size\">Meriseuran veneist\u00e4 osa on purjeilla varustettuja menopelej\u00e4. Ja seuran saarissa saakin kauden mittaan n\u00e4ht\u00e4v\u00e4kseen erilaisia ja erikokoisia purjepaatteja.<\/p>\n<\/div>\n\n\n\n<div class=\"wp-block-group has-global-padding is-layout-constrained wp-block-group-is-layout-constrained\">\n<p>Kes\u00e4ll\u00e4 ja syksyll\u00e4 purjehdusjaosto j\u00e4rjest\u00e4\u00e4 riemukkaita, leikkimielisi\u00e4 purjehduskisoja. Usein kisa k\u00e4yd\u00e4\u00e4n Merikarin ymp\u00e4rist\u00f6ss\u00e4, mutta rata vaihtelee vallitsevien olosuhteiden mukaan. Useamman kerran kes\u00e4kuun kisassa on k\u00e4yty henkien taistelua hyytyvien tuulien kanssa. Kuka l\u00f6yt\u00e4\u00e4 parhaan henk\u00e4yksen.<\/p>\n<\/div>\n<\/div>\n<\/div>\n\n\n\n<div style=\"height:100px\" aria-hidden=\"true\" class=\"wp-block-spacer\"><\/div>\n\n\n\n<h4 class=\"wp-block-heading\" id=\"purjehduskisat\" style=\"font-size:clamp(14.642px, 0.915rem + ((1vw - 3.2px) * 0.681), 22px);\">Purjehduskisat<\/h4>\n\n\n\n<h5 class=\"wp-block-heading has-medium-font-size\">Kausi 2024<\/h5>\n\n\n\n<p>Kaudelle 2024 on t\u00e4h\u00e4n menness\u00e4 suunniteltu kolme kisaa. Ensin kes\u00e4kuun 8. p\u00e4iv\u00e4 on suunnitteilla Airisto &#8211; Gran\u00f6 tapahtuma ja seuraavana viikonloppuna 15.6. Merikarin purjehdustapahtuma. N\u00e4iden kes\u00e4kisojen lis\u00e4ksi tulossa on my\u00f6s Ruskaregatta. <\/p>\n\n\n\n<h5 class=\"wp-block-heading has-medium-font-size\" style=\"margin-top:var(--wp--preset--spacing--30);margin-bottom:var(--wp--preset--spacing--10)\">Kausi 2023<\/h5>\n\n\n\n<p>2023 j\u00e4rjestimme taas kaksi hienoa purjehdustapahtumaa. Perinteinen MST mestaruus kes\u00e4kuussa ja elokuun lopulla Ruska-Regatan. Tiedotteista l\u00f6tyy lis\u00e4\u00e4, ainakin kes\u00e4kuun kisasta.<\/p>\n\n\n\n<div style=\"height:100px\" aria-hidden=\"true\" class=\"wp-block-spacer\"><\/div>\n\n\n\n\n","protected":false},"excerpt":{"rendered":"<p>Purjehdusjaosto Purjehduskisat Tiedotteet Purjehdusjaosto Timo Lepp\u00e4 vet\u00e4\u00e4 purjehdusjaostoa. Meriseuran veneist\u00e4 osa on purjeilla varustettuja menopelej\u00e4. Ja seuran saarissa saakin kauden mittaan n\u00e4ht\u00e4v\u00e4kseen erilaisia ja erikokoisia purjepaatteja. Kes\u00e4ll\u00e4 ja syksyll\u00e4 purjehdusjaosto j\u00e4rjest\u00e4\u00e4 riemukkaita, leikkimielisi\u00e4 purjehduskisoja. Usein kisa k\u00e4yd\u00e4\u00e4n Merikarin ymp\u00e4rist\u00f6ss\u00e4, mutta rata vaihtelee vallitsevien olosuhteiden mukaan. Useamman kerran kes\u00e4kuun kisassa on k\u00e4yty henkien taistelua hyytyvien tuulien [&hellip;]<\/p>\n","protected":false},"author":4,"featured_media":3188,"parent":0,"menu_order":0,"comment_status":"closed","ping_status":"closed","template":"page-wide","meta":{"footnotes":""},"class_list":["post-1416","page","type-page","status-publish","has-post-thumbnail","hentry"],"_links":{"self":[{"href":"https:\/\/meriseuraturku.fi\/index.php?rest_route=\/wp\/v2\/pages\/1416","targetHints":{"allow":["GET"]}}],"collection":[{"href":"https:\/\/meriseuraturku.fi\/index.php?rest_route=\/wp\/v2\/pages"}],"about":[{"href":"https:\/\/meriseuraturku.fi\/index.php?rest_route=\/wp\/v2\/types\/page"}],"author":[{"embeddable":true,"href":"https:\/\/meriseuraturku.fi\/index.php?rest_route=\/wp\/v2\/users\/4"}],"replies":[{"embeddable":true,"href":"https:\/\/meriseuraturku.fi\/index.php?rest_route=%2Fwp%2Fv2%2Fcomments&post=1416"}],"version-history":[{"count":27,"href":"https:\/\/meriseuraturku.fi\/index.php?rest_route=\/wp\/v2\/pages\/1416\/revisions"}],"predecessor-version":[{"id":3633,"href":"https:\/\/meriseuraturku.fi\/index.php?rest_route=\/wp\/v2\/pages\/1416\/revisions\/3633"}],"wp:featuredmedia":[{"embeddable":true,"href":"https:\/\/meriseuraturku.fi\/index.php?rest_route=\/wp\/v2\/media\/3188"}],"wp:attachment":[{"href":"https:\/\/meriseuraturku.fi\/index.php?rest_route=%2Fwp%2Fv2%2Fmedia&parent=1416"}],"curies":[{"name":"wp","href":"https:\/\/api.w.org\/{rel}","templated":true}]}}